{"id":4529,"date":"2023-05-05T10:03:33","date_gmt":"2023-05-05T08:03:33","guid":{"rendered":"http:\/\/ki5.fr\/?page_id=4529"},"modified":"2023-05-05T10:07:50","modified_gmt":"2023-05-05T08:07:50","slug":"initmdp","status":"publish","type":"page","link":"https:\/\/ki5.fr\/index.php\/initmdp\/","title":{"rendered":"Mot de passe perdu"},"content":{"rendered":"<p><strong class=\"nowrap\"><strong><div class=\"um um-password um-um_password_id\">\n\t<div class=\"um-form\">\n\t\t<form method=\"post\" action=\"\">\n\t\t\t\n\t\t\t\t<input type=\"hidden\" name=\"_um_password_reset\" id=\"_um_password_reset\" value=\"1\" \/>\n\n\t\t\t\t\t\t\t\t\t<div class=\"um-field um-field-block um-field-type_block\">\n\t\t\t\t\t\t<div class=\"um-field-block\">\n\t\t\t\t\t\t\t<div style=\"text-align:center;\">\n\t\t\t\t\t\t\t\tPour r\u00e9initialiser votre mot de passe, veuillez saisir votre adresse de messagerie ou votre identifiant ci-dessous.\t\t\t\t\t\t\t<\/div>\n\t\t\t\t\t\t<\/div>\n\t\t\t\t\t<\/div>\n\t\t\t\t\t<div  id=\"um_field_0_username_b\" class=\"um-field um-field-text  um-field-username_b um-field-text um-field-type_text\" data-key=\"username_b\"><div class=\"um-field-area\"><input  autocomplete=\"off\" class=\"um-form-field valid \" type=\"text\" name=\"username_b\" id=\"username_b\" value=\"\" placeholder=\"Saisissez votre identifiant ou votre e-mail\" data-validate=\"\" data-key=\"username_b\"  aria-invalid=\"false\" \/>\n\n\t\t\t\t\t\t<\/div><\/div>\t\t\t\t<div class=\"um-col-alt um-col-alt-b\">\n\t\t\t\t\t<div class=\"um-center\">\n\t\t\t\t\t\t<input type=\"submit\" value=\"R\u00e9initialiser le mot de passe\" class=\"um-button\" id=\"um-submit-btn\" \/>\n\t\t\t\t\t<\/div>\n\t\t\t\t\t<div class=\"um-clear\"><\/div>\n\t\t\t\t<\/div>\n\t\t\t\t\t<input type=\"hidden\" name=\"form_id\" id=\"form_id_um_password_id\" value=\"um_password_id\" \/>\n\t\t<p class=\"um_request_name\">\n\t\t<label for=\"um_request_um_password_id\">Only fill in if you are not human<\/label>\n\t\t<input type=\"hidden\" name=\"um_request\" id=\"um_request_um_password_id\" class=\"input\" value=\"\" size=\"25\" autocomplete=\"off\" \/>\n\t<\/p>\n\t\t\t<\/form>\n\t<\/div>\n<\/div>\n<style>\n\t\t\t.um-um_password_id.um {\n\t\t\tmax-width: 450px;\n\t\t}\n\t\t<\/style>\n<\/strong><\/strong><\/p>\n","protected":false},"excerpt":{"rendered":"","protected":false},"author":1,"featured_media":0,"parent":0,"menu_order":0,"comment_status":"closed","ping_status":"closed","template":"","meta":{"site-sidebar-layout":"default","site-content-layout":"","ast-site-content-layout":"default","site-content-style":"default","site-sidebar-style":"default","ast-global-header-display":"","ast-banner-title-visibility":"","ast-main-header-display":"","ast-hfb-above-header-display":"","ast-hfb-below-header-display":"","ast-hfb-mobile-header-display":"","site-post-title":"disabled","ast-breadcrumbs-content":"","ast-featured-img":"","footer-sml-layout":"","ast-disable-related-posts":"","theme-transparent-header-meta":"","adv-header-id-meta":"","stick-header-meta":"","header-above-stick-meta":"","header-main-stick-meta":"","header-below-stick-meta":"","astra-migrate-meta-layouts":"default","ast-page-background-enabled":"default","ast-page-background-meta":{"desktop":{"background-color":"var(--ast-global-color-4)","background-image":"","background-repeat":"repeat","background-position":"center center","background-size":"auto","background-attachment":"scroll","background-type":"","background-media":"","overlay-type":"","overlay-color":"","overlay-opacity":"","overlay-gradient":""},"tablet":{"background-color":"","background-image":"","background-repeat":"repeat","background-position":"center center","background-size":"auto","background-attachment":"scroll","background-type":"","background-media":"","overlay-type":"","overlay-color":"","overlay-opacity":"","overlay-gradient":""},"mobile":{"background-color":"","background-image":"","background-repeat":"repeat","background-position":"center center","background-size":"auto","background-attachment":"scroll","background-type":"","background-media":"","overlay-type":"","overlay-color":"","overlay-opacity":"","overlay-gradient":""}},"ast-content-background-meta":{"desktop":{"background-color":"var(--ast-global-color-5)","background-image":"","background-repeat":"repeat","background-position":"center center","background-size":"auto","background-attachment":"scroll","background-type":"","background-media":"","overlay-type":"","overlay-color":"","overlay-opacity":"","overlay-gradient":""},"tablet":{"background-color":"var(--ast-global-color-5)","background-image":"","background-repeat":"repeat","background-position":"center center","background-size":"auto","background-attachment":"scroll","background-type":"","background-media":"","overlay-type":"","overlay-color":"","overlay-opacity":"","overlay-gradient":""},"mobile":{"background-color":"var(--ast-global-color-5)","background-image":"","background-repeat":"repeat","background-position":"center center","background-size":"auto","background-attachment":"scroll","background-type":"","background-media":"","overlay-type":"","overlay-color":"","overlay-opacity":"","overlay-gradient":""}},"footnotes":""},"class_list":["post-4529","page","type-page","status-publish","hentry"],"yoast_head":"<!-- This site is optimized with the Yoast SEO plugin v27.4 - https:\/\/yoast.com\/product\/yoast-seo-wordpress\/ -->\n<title>Mot de passe perdu - Studio Ki&#039;5<\/title>\n<meta name=\"robots\" content=\"noindex, nofollow\" \/>\n<meta property=\"og:locale\" content=\"fr_FR\" \/>\n<meta property=\"og:type\" content=\"article\" \/>\n<meta property=\"og:title\" content=\"Mot de passe perdu - Studio Ki&#039;5\" \/>\n<meta property=\"og:url\" content=\"https:\/\/ki5.fr\/index.php\/initmdp\/\" \/>\n<meta property=\"og:site_name\" content=\"Studio Ki&#039;5\" \/>\n<meta property=\"article:publisher\" content=\"https:\/\/www.facebook.com\/Studio-KI5-1740879346216167\/\" \/>\n<meta property=\"article:modified_time\" content=\"2023-05-05T08:07:50+00:00\" \/>\n<meta name=\"twitter:card\" content=\"summary_large_image\" \/>\n<meta name=\"twitter:label1\" content=\"Dur\u00e9e de lecture estim\u00e9e\" \/>\n\t<meta name=\"twitter:data1\" content=\"1 minute\" \/>\n<script type=\"application\/ld+json\" class=\"yoast-schema-graph\">{\"@context\":\"https:\\\/\\\/schema.org\",\"@graph\":[{\"@type\":\"WebPage\",\"@id\":\"https:\\\/\\\/ki5.fr\\\/index.php\\\/initmdp\\\/\",\"url\":\"https:\\\/\\\/ki5.fr\\\/index.php\\\/initmdp\\\/\",\"name\":\"Mot de passe perdu - Studio Ki&#039;5\",\"isPartOf\":{\"@id\":\"https:\\\/\\\/ki5.fr\\\/#website\"},\"datePublished\":\"2023-05-05T08:03:33+00:00\",\"dateModified\":\"2023-05-05T08:07:50+00:00\",\"breadcrumb\":{\"@id\":\"https:\\\/\\\/ki5.fr\\\/index.php\\\/initmdp\\\/#breadcrumb\"},\"inLanguage\":\"fr-FR\",\"potentialAction\":[{\"@type\":\"ReadAction\",\"target\":[\"https:\\\/\\\/ki5.fr\\\/index.php\\\/initmdp\\\/\"]}]},{\"@type\":\"BreadcrumbList\",\"@id\":\"https:\\\/\\\/ki5.fr\\\/index.php\\\/initmdp\\\/#breadcrumb\",\"itemListElement\":[{\"@type\":\"ListItem\",\"position\":1,\"name\":\"Accueil\",\"item\":\"https:\\\/\\\/ki5.fr\\\/\"},{\"@type\":\"ListItem\",\"position\":2,\"name\":\"Mot de passe perdu\"}]},{\"@type\":\"WebSite\",\"@id\":\"https:\\\/\\\/ki5.fr\\\/#website\",\"url\":\"https:\\\/\\\/ki5.fr\\\/\",\"name\":\"Studio ki'5\",\"description\":\"Votre Studio d\u00e9di\u00e9 \u00e0 la Forme &amp; au Bien-\u00catre\",\"publisher\":{\"@id\":\"https:\\\/\\\/ki5.fr\\\/#organization\"},\"potentialAction\":[{\"@type\":\"SearchAction\",\"target\":{\"@type\":\"EntryPoint\",\"urlTemplate\":\"https:\\\/\\\/ki5.fr\\\/?s={search_term_string}\"},\"query-input\":{\"@type\":\"PropertyValueSpecification\",\"valueRequired\":true,\"valueName\":\"search_term_string\"}}],\"inLanguage\":\"fr-FR\"},{\"@type\":\"Organization\",\"@id\":\"https:\\\/\\\/ki5.fr\\\/#organization\",\"name\":\"Studio Ki'5\",\"url\":\"https:\\\/\\\/ki5.fr\\\/\",\"logo\":{\"@type\":\"ImageObject\",\"inLanguage\":\"fr-FR\",\"@id\":\"https:\\\/\\\/ki5.fr\\\/#\\\/schema\\\/logo\\\/image\\\/\",\"url\":\"http:\\\/\\\/ki5.fr\\\/wp-content\\\/uploads\\\/2018\\\/11\\\/SiglesiteKi5.jpg\",\"contentUrl\":\"http:\\\/\\\/ki5.fr\\\/wp-content\\\/uploads\\\/2018\\\/11\\\/SiglesiteKi5.jpg\",\"width\":1600,\"height\":1131,\"caption\":\"Studio Ki'5\"},\"image\":{\"@id\":\"https:\\\/\\\/ki5.fr\\\/#\\\/schema\\\/logo\\\/image\\\/\"},\"sameAs\":[\"https:\\\/\\\/www.facebook.com\\\/Studio-KI5-1740879346216167\\\/\"]}]}<\/script>\n<!-- \/ Yoast SEO plugin. -->","yoast_head_json":{"title":"Mot de passe perdu - Studio Ki&#039;5","robots":{"index":"noindex","follow":"nofollow"},"og_locale":"fr_FR","og_type":"article","og_title":"Mot de passe perdu - Studio Ki&#039;5","og_url":"https:\/\/ki5.fr\/index.php\/initmdp\/","og_site_name":"Studio Ki&#039;5","article_publisher":"https:\/\/www.facebook.com\/Studio-KI5-1740879346216167\/","article_modified_time":"2023-05-05T08:07:50+00:00","twitter_card":"summary_large_image","twitter_misc":{"Dur\u00e9e de lecture estim\u00e9e":"1 minute"},"schema":{"@context":"https:\/\/schema.org","@graph":[{"@type":"WebPage","@id":"https:\/\/ki5.fr\/index.php\/initmdp\/","url":"https:\/\/ki5.fr\/index.php\/initmdp\/","name":"Mot de passe perdu - Studio Ki&#039;5","isPartOf":{"@id":"https:\/\/ki5.fr\/#website"},"datePublished":"2023-05-05T08:03:33+00:00","dateModified":"2023-05-05T08:07:50+00:00","breadcrumb":{"@id":"https:\/\/ki5.fr\/index.php\/initmdp\/#breadcrumb"},"inLanguage":"fr-FR","potentialAction":[{"@type":"ReadAction","target":["https:\/\/ki5.fr\/index.php\/initmdp\/"]}]},{"@type":"BreadcrumbList","@id":"https:\/\/ki5.fr\/index.php\/initmdp\/#breadcrumb","itemListElement":[{"@type":"ListItem","position":1,"name":"Accueil","item":"https:\/\/ki5.fr\/"},{"@type":"ListItem","position":2,"name":"Mot de passe perdu"}]},{"@type":"WebSite","@id":"https:\/\/ki5.fr\/#website","url":"https:\/\/ki5.fr\/","name":"Studio ki'5","description":"Votre Studio d\u00e9di\u00e9 \u00e0 la Forme &amp; au Bien-\u00catre","publisher":{"@id":"https:\/\/ki5.fr\/#organization"},"potentialAction":[{"@type":"SearchAction","target":{"@type":"EntryPoint","urlTemplate":"https:\/\/ki5.fr\/?s={search_term_string}"},"query-input":{"@type":"PropertyValueSpecification","valueRequired":true,"valueName":"search_term_string"}}],"inLanguage":"fr-FR"},{"@type":"Organization","@id":"https:\/\/ki5.fr\/#organization","name":"Studio Ki'5","url":"https:\/\/ki5.fr\/","logo":{"@type":"ImageObject","inLanguage":"fr-FR","@id":"https:\/\/ki5.fr\/#\/schema\/logo\/image\/","url":"http:\/\/ki5.fr\/wp-content\/uploads\/2018\/11\/SiglesiteKi5.jpg","contentUrl":"http:\/\/ki5.fr\/wp-content\/uploads\/2018\/11\/SiglesiteKi5.jpg","width":1600,"height":1131,"caption":"Studio Ki'5"},"image":{"@id":"https:\/\/ki5.fr\/#\/schema\/logo\/image\/"},"sameAs":["https:\/\/www.facebook.com\/Studio-KI5-1740879346216167\/"]}]}},"_links":{"self":[{"href":"https:\/\/ki5.fr\/index.php\/wp-json\/wp\/v2\/pages\/4529","targetHints":{"allow":["GET"]}}],"collection":[{"href":"https:\/\/ki5.fr\/index.php\/wp-json\/wp\/v2\/pages"}],"about":[{"href":"https:\/\/ki5.fr\/index.php\/wp-json\/wp\/v2\/types\/page"}],"author":[{"embeddable":true,"href":"https:\/\/ki5.fr\/index.php\/wp-json\/wp\/v2\/users\/1"}],"replies":[{"embeddable":true,"href":"https:\/\/ki5.fr\/index.php\/wp-json\/wp\/v2\/comments?post=4529"}],"version-history":[{"count":0,"href":"https:\/\/ki5.fr\/index.php\/wp-json\/wp\/v2\/pages\/4529\/revisions"}],"wp:attachment":[{"href":"https:\/\/ki5.fr\/index.php\/wp-json\/wp\/v2\/media?parent=4529"}],"curies":[{"name":"wp","href":"https:\/\/api.w.org\/{rel}","templated":true}]}}